{"id":6,"date":"2021-09-10T00:13:24","date_gmt":"2021-09-09T22:13:24","guid":{"rendered":"http:\/\/d-cube.be\/?page_id=6"},"modified":"2021-09-10T12:40:45","modified_gmt":"2021-09-10T10:40:45","slug":"d-cube","status":"publish","type":"page","link":"https:\/\/d-cube.be\/","title":{"rendered":""},"content":{"rendered":"\t\t<div data-elementor-type=\"wp-page\" data-elementor-id=\"6\" class=\"elementor elementor-6\" data-elementor-settings=\"[]\">\n\t\t\t\t\t\t\t<div class=\"elementor-section-wrap\">\n\t\t\t\t\t\t\t<section class=\"elementor-section elementor-top-section elementor-element elementor-element-a6aa7dd elementor-section-boxed elementor-section-height-default elementor-section-height-default\" data-id=\"a6aa7dd\" data-element_type=\"section\">\n\t\t\t\t\t\t<div class=\"elementor-container elementor-column-gap-default\">\n\t\t\t\t\t<div class=\"elementor-column elementor-col-100 elementor-top-column elementor-element elementor-element-5acf46a7\" data-id=\"5acf46a7\" data-element_type=\"column\">\n\t\t\t<div class=\"elementor-widget-wrap elementor-element-populated\">\n\t\t\t\t\t\t\t\t<div class=\"elementor-element elementor-element-5d8cc4d9 elementor-widget elementor-widget-text-editor\" data-id=\"5d8cc4d9\" data-element_type=\"widget\" data-widget_type=\"text-editor.default\">\n\t\t\t\t<div class=\"elementor-widget-container\">\n\t\t\t\t\t<div class=\"elementor-text-editor elementor-clearfix\"><!-- wp:paragraph {\"fontSize\":\"normal\"} -->\n<p class=\"has-normal-font-size\"><\/p>\n<!-- \/wp:paragraph --><\/div>\n\t\t\t\t<\/div>\n\t\t\t\t<\/div>\n\t\t\t\t\t<\/div>\n\t\t<\/div>\n\t\t\t\t\t\t\t<\/div>\n\t\t<\/section>\n\t\t\t\t<section class=\"elementor-section elementor-top-section elementor-element elementor-element-a858958 elementor-section-boxed elementor-section-height-default elementor-section-height-default\" data-id=\"a858958\" data-element_type=\"section\">\n\t\t\t\t\t\t<div class=\"elementor-container elementor-column-gap-default\">\n\t\t\t\t\t<div class=\"elementor-column elementor-col-100 elementor-top-column elementor-element elementor-element-8317c47\" data-id=\"8317c47\" data-element_type=\"column\">\n\t\t\t<div class=\"elementor-widget-wrap elementor-element-populated\">\n\t\t\t\t\t\t\t\t<div class=\"elementor-element elementor-element-bb0eab2 elementor-widget elementor-widget-heading\" data-id=\"bb0eab2\" data-element_type=\"widget\" data-settings=\"{&quot;_animation&quot;:&quot;none&quot;}\" data-widget_type=\"heading.default\">\n\t\t\t\t<div class=\"elementor-widget-container\">\n\t\t\t<h2 class=\"elementor-heading-title elementor-size-xxl\">D-cube<\/h2>\t\t<\/div>\n\t\t\t\t<\/div>\n\t\t\t\t\t<\/div>\n\t\t<\/div>\n\t\t\t\t\t\t\t<\/div>\n\t\t<\/section>\n\t\t\t\t<section class=\"elementor-section elementor-top-section elementor-element elementor-element-283c27d elementor-section-boxed elementor-section-height-default elementor-section-height-default\" data-id=\"283c27d\" data-element_type=\"section\">\n\t\t\t\t\t\t<div class=\"elementor-container elementor-column-gap-default\">\n\t\t\t\t\t<div class=\"elementor-column elementor-col-50 elementor-top-column elementor-element elementor-element-a6650df\" data-id=\"a6650df\" data-element_type=\"column\">\n\t\t\t<div class=\"elementor-widget-wrap elementor-element-populated\">\n\t\t\t\t\t\t\t\t<div class=\"elementor-element elementor-element-6880b2b elementor-invisible elementor-widget elementor-widget-text-editor\" data-id=\"6880b2b\" data-element_type=\"widget\" data-settings=\"{&quot;_animation&quot;:&quot;slideInLeft&quot;}\" data-widget_type=\"text-editor.default\">\n\t\t\t\t<div class=\"elementor-widget-container\">\n\t\t\t\t\t<div class=\"elementor-text-editor elementor-clearfix\"><h4><strong>D-cube est une entreprise <\/strong><strong>de construction g\u00e9n\u00e9rale<\/strong> qui se veut \u00e0 la fois particuli\u00e8rement\u00a0\u00e0 l\u2019\u00e9coute\u00a0de vos <b>d\u00e9sirs<\/b> et soucieuse de vous prendre compl\u00e8tement <b>en charge<\/b> en respectant vos <b>limites budg\u00e9taires.<\/b><\/h4><\/div>\n\t\t\t\t<\/div>\n\t\t\t\t<\/div>\n\t\t\t\t\t<\/div>\n\t\t<\/div>\n\t\t\t\t<div class=\"elementor-column elementor-col-50 elementor-top-column elementor-element elementor-element-a1ded05\" data-id=\"a1ded05\" data-element_type=\"column\">\n\t\t\t<div class=\"elementor-widget-wrap elementor-element-populated\">\n\t\t\t\t\t\t\t\t<div class=\"elementor-element elementor-element-bd695f7 animated-slow elementor-widget elementor-widget-image\" data-id=\"bd695f7\" data-element_type=\"widget\" data-settings=\"{&quot;_animation&quot;:&quot;none&quot;}\" data-widget_type=\"image.default\">\n\t\t\t\t<div class=\"elementor-widget-container\">\n\t\t\t\t\t<div class=\"elementor-image\">\n\t\t\t\t\t\t\t\t\t\t<img width=\"300\" height=\"300\" src=\"https:\/\/d-cube.be\/wp-content\/uploads\/2021\/09\/ducbe2-300x300.png\" class=\"attachment-medium size-medium\" alt=\"\" loading=\"lazy\" srcset=\"https:\/\/d-cube.be\/wp-content\/uploads\/2021\/09\/ducbe2-300x300.png 300w, https:\/\/d-cube.be\/wp-content\/uploads\/2021\/09\/ducbe2-1024x1024.png 1024w, https:\/\/d-cube.be\/wp-content\/uploads\/2021\/09\/ducbe2-150x150.png 150w, https:\/\/d-cube.be\/wp-content\/uploads\/2021\/09\/ducbe2-768x768.png 768w, https:\/\/d-cube.be\/wp-content\/uploads\/2021\/09\/ducbe2-1536x1536.png 1536w, https:\/\/d-cube.be\/wp-content\/uploads\/2021\/09\/ducbe2.png 2000w\" sizes=\"(max-width: 300px) 100vw, 300px\" \/>\t\t\t\t\t\t\t\t\t\t\t<\/div>\n\t\t\t\t<\/div>\n\t\t\t\t<\/div>\n\t\t\t\t\t<\/div>\n\t\t<\/div>\n\t\t\t\t\t\t\t<\/div>\n\t\t<\/section>\n\t\t\t\t<section class=\"elementor-section elementor-top-section elementor-element elementor-element-679058f elementor-section-boxed elementor-section-height-default elementor-section-height-default\" data-id=\"679058f\" data-element_type=\"section\">\n\t\t\t\t\t\t<div class=\"elementor-container elementor-column-gap-default\">\n\t\t\t\t\t<div class=\"elementor-column elementor-col-100 elementor-top-column elementor-element elementor-element-11352d7\" data-id=\"11352d7\" data-element_type=\"column\">\n\t\t\t<div class=\"elementor-widget-wrap elementor-element-populated\">\n\t\t\t\t\t\t\t\t<div class=\"elementor-element elementor-element-e18f3d2 elementor-widget-divider--view-line elementor-widget elementor-widget-divider\" data-id=\"e18f3d2\" data-element_type=\"widget\" data-widget_type=\"divider.default\">\n\t\t\t\t<div class=\"elementor-widget-container\">\n\t\t\t\t\t<div class=\"elementor-divider\">\n\t\t\t<span class=\"elementor-divider-separator\">\n\t\t\t\t\t\t<\/span>\n\t\t<\/div>\n\t\t\t\t<\/div>\n\t\t\t\t<\/div>\n\t\t\t\t<section class=\"elementor-section elementor-inner-section elementor-element elementor-element-da0cca9 elementor-section-boxed elementor-section-height-default elementor-section-height-default\" data-id=\"da0cca9\" data-element_type=\"section\">\n\t\t\t\t\t\t<div class=\"elementor-container elementor-column-gap-default\">\n\t\t\t\t\t<div class=\"elementor-column elementor-col-50 elementor-inner-column elementor-element elementor-element-ec958cf\" data-id=\"ec958cf\" data-element_type=\"column\">\n\t\t\t<div class=\"elementor-widget-wrap elementor-element-populated\">\n\t\t\t\t\t\t\t\t<div class=\"elementor-element elementor-element-ed0a386 elementor-widget elementor-widget-text-editor\" data-id=\"ed0a386\" data-element_type=\"widget\" data-widget_type=\"text-editor.default\">\n\t\t\t\t<div class=\"elementor-widget-container\">\n\t\t\t\t\t<div class=\"elementor-text-editor elementor-clearfix\"><p style=\"color: #000000; font-family: 'Open Sans', sans-serif; text-align: right;\">Avant tout sp\u00e9cialis\u00e9e dans <b>l\u2019utilisation du bois<\/b>, D-cube offre \u00e9galement des services\u00a0<span style=\"font-size: 1rem;\">en mati\u00e8re de<span style=\"font-weight: bold;\">\u00a0c<\/span><\/span><span style=\"font-weight: bold; font-size: 1rem;\">onstruction, r\u00e9novation, consultance<\/span><span style=\"font-size: 1rem;\">,\u00a0<\/span><span style=\"font-weight: bold; font-size: 1rem;\">gestion de chantier,<\/span><span style=\"font-size: 1rem;\">\u00a0<\/span><span style=\"font-weight: bold; font-size: 1rem;\">isolation par projection<\/span><span style=\"font-size: 1rem;\">\u00a0de mousse polyur\u00e9thane et\u00a0<\/span><span style=\"font-weight: bold; font-size: 1rem;\">coordination<\/span><span style=\"font-size: 1rem;\">\u00a0de sant\u00e9\/s\u00e9curit\u00e9.<\/span><\/p>\n<div style=\"color: #000000; font-family: 'Open Sans', sans-serif; text-align: right;\"><span style=\"font-weight: bold;\">Pour une prise en charge de meilleure qualit\u00e9,\u00a0votre demande sera \u00e9tudi\u00e9e\u00a0<\/span><span style=\"font-weight: bold; font-size: 1rem;\">avec soin et votre chantier analys\u00e9 avec attention.<\/span><\/div><\/div>\n\t\t\t\t<\/div>\n\t\t\t\t<\/div>\n\t\t\t\t\t<\/div>\n\t\t<\/div>\n\t\t\t\t<div class=\"elementor-column elementor-col-50 elementor-inner-column elementor-element elementor-element-8933777\" data-id=\"8933777\" data-element_type=\"column\">\n\t\t\t<div class=\"elementor-widget-wrap elementor-element-populated\">\n\t\t\t\t\t\t\t\t<div class=\"elementor-element elementor-element-094eb02 elementor-align-center elementor-widget elementor-widget-button\" data-id=\"094eb02\" data-element_type=\"widget\" data-widget_type=\"button.default\">\n\t\t\t\t<div class=\"elementor-widget-container\">\n\t\t\t\t\t<div class=\"elementor-button-wrapper\">\n\t\t\t<a href=\"mailto:quentin@d-cube.be\" class=\"elementor-button-link elementor-button elementor-size-lg\" role=\"button\">\n\t\t\t\t\t\t<span class=\"elementor-button-content-wrapper\">\n\t\t\t\t\t\t<span class=\"elementor-button-icon elementor-align-icon-left\">\n\t\t\t\t<i aria-hidden=\"true\" class=\"far fa-envelope\"><\/i>\t\t\t<\/span>\n\t\t\t\t\t\t<span class=\"elementor-button-text\">Contactez-nous<\/span>\n\t\t<\/span>\n\t\t\t\t\t<\/a>\n\t\t<\/div>\n\t\t\t\t<\/div>\n\t\t\t\t<\/div>\n\t\t\t\t\t<\/div>\n\t\t<\/div>\n\t\t\t\t\t\t\t<\/div>\n\t\t<\/section>\n\t\t\t\t<div class=\"elementor-element elementor-element-5e50d25 elementor-widget elementor-widget-text-editor\" data-id=\"5e50d25\" data-element_type=\"widget\" data-widget_type=\"text-editor.default\">\n\t\t\t\t<div class=\"elementor-widget-container\">\n\t\t\t\t\t<div class=\"elementor-text-editor elementor-clearfix\"><\/div>\n\t\t\t\t<\/div>\n\t\t\t\t<\/div>\n\t\t\t\t\t<\/div>\n\t\t<\/div>\n\t\t\t\t\t\t\t<\/div>\n\t\t<\/section>\n\t\t\t\t<section class=\"elementor-section elementor-top-section elementor-element elementor-element-17ba3ad elementor-section-boxed elementor-section-height-default elementor-section-height-default\" data-id=\"17ba3ad\" data-element_type=\"section\">\n\t\t\t\t\t\t<div class=\"elementor-container elementor-column-gap-default\">\n\t\t\t\t\t<div class=\"elementor-column elementor-col-100 elementor-top-column elementor-element elementor-element-605f98c\" data-id=\"605f98c\" data-element_type=\"column\">\n\t\t\t<div class=\"elementor-widget-wrap elementor-element-populated\">\n\t\t\t\t\t\t\t\t<div class=\"elementor-element elementor-element-9e9c9dd elementor-widget elementor-widget-heading\" data-id=\"9e9c9dd\" data-element_type=\"widget\" data-widget_type=\"heading.default\">\n\t\t\t\t<div class=\"elementor-widget-container\">\n\t\t\t<h2 class=\"elementor-heading-title elementor-size-default\">\u00ab D-cube, le bon chantier, \u00e0 vous la s\u00e9r\u00e9nit\u00e9 \u00bb<\/h2>\t\t<\/div>\n\t\t\t\t<\/div>\n\t\t\t\t\t<\/div>\n\t\t<\/div>\n\t\t\t\t\t\t\t<\/div>\n\t\t<\/section>\n\t\t\t\t<section class=\"elementor-section elementor-top-section elementor-element elementor-element-525320e elementor-section-boxed elementor-section-height-default elementor-section-height-default\" data-id=\"525320e\" data-element_type=\"section\">\n\t\t\t\t\t\t<div class=\"elementor-container elementor-column-gap-default\">\n\t\t\t\t\t<div class=\"elementor-column elementor-col-100 elementor-top-column elementor-element elementor-element-6837a67\" data-id=\"6837a67\" data-element_type=\"column\">\n\t\t\t<div class=\"elementor-widget-wrap\">\n\t\t\t\t\t\t\t\t\t<\/div>\n\t\t<\/div>\n\t\t\t\t\t\t\t<\/div>\n\t\t<\/section>\n\t\t\t\t<section class=\"elementor-section elementor-top-section elementor-element elementor-element-33b5941 elementor-section-boxed elementor-section-height-default elementor-section-height-default\" data-id=\"33b5941\" data-element_type=\"section\">\n\t\t\t\t\t\t<div class=\"elementor-container elementor-column-gap-default\">\n\t\t\t\t\t<div class=\"elementor-column elementor-col-100 elementor-top-column elementor-element elementor-element-01502ab\" data-id=\"01502ab\" data-element_type=\"column\">\n\t\t\t<div class=\"elementor-widget-wrap elementor-element-populated\">\n\t\t\t\t\t\t\t\t<div class=\"elementor-element elementor-element-b8f92d1 elementor-widget elementor-widget-image\" data-id=\"b8f92d1\" data-element_type=\"widget\" data-widget_type=\"image.default\">\n\t\t\t\t<div class=\"elementor-widget-container\">\n\t\t\t\t\t<div class=\"elementor-image\">\n\t\t\t\t\t\t\t\t\t\t\t<a href=\"https:\/\/www.facebook.com\/Dcube.construction\">\n\t\t\t\t\t\t\t<img src=\"https:\/\/d-cube.be\/wp-content\/uploads\/2021\/09\/D-cube-facebook.png\" title=\"D-cube-facebook\" alt=\"D-cube-facebook\" \/>\t\t\t\t\t\t\t\t<\/a>\n\t\t\t\t\t\t\t\t\t\t\t<\/div>\n\t\t\t\t<\/div>\n\t\t\t\t<\/div>\n\t\t\t\t\t<\/div>\n\t\t<\/div>\n\t\t\t\t\t\t\t<\/div>\n\t\t<\/section>\n\t\t\t\t\t\t<\/div>\n\t\t\t\t\t<\/div>\n\t\t","protected":false},"excerpt":{"rendered":"<p>D-cube D-cube est une entreprise de construction g\u00e9n\u00e9rale qui se veut \u00e0 la fois particuli\u00e8rement\u00a0\u00e0 l\u2019\u00e9coute\u00a0de vos d\u00e9sirs et soucieuse de vous prendre compl\u00e8tement en charge en respectant vos limites budg\u00e9taires. Avant tout sp\u00e9cialis\u00e9e dans l\u2019utilisation du bois, D-cube offre \u00e9galement des services\u00a0en mati\u00e8re de\u00a0construction, r\u00e9novation, consultance,\u00a0gestion de chantier,\u00a0isolation par projection\u00a0de mousse polyur\u00e9thane et\u00a0coordination\u00a0de sant\u00e9\/s\u00e9curit\u00e9. [&hellip;]<\/p>\n","protected":false},"author":1,"featured_media":0,"parent":0,"menu_order":0,"comment_status":"closed","ping_status":"closed","template":"","meta":[],"_links":{"self":[{"href":"https:\/\/d-cube.be\/index.php\/wp-json\/wp\/v2\/pages\/6"}],"collection":[{"href":"https:\/\/d-cube.be\/index.php\/wp-json\/wp\/v2\/pages"}],"about":[{"href":"https:\/\/d-cube.be\/index.php\/wp-json\/wp\/v2\/types\/page"}],"author":[{"embeddable":true,"href":"https:\/\/d-cube.be\/index.php\/wp-json\/wp\/v2\/users\/1"}],"replies":[{"embeddable":true,"href":"https:\/\/d-cube.be\/index.php\/wp-json\/wp\/v2\/comments?post=6"}],"version-history":[{"count":32,"href":"https:\/\/d-cube.be\/index.php\/wp-json\/wp\/v2\/pages\/6\/revisions"}],"predecessor-version":[{"id":54,"href":"https:\/\/d-cube.be\/index.php\/wp-json\/wp\/v2\/pages\/6\/revisions\/54"}],"wp:attachment":[{"href":"https:\/\/d-cube.be\/index.php\/wp-json\/wp\/v2\/media?parent=6"}],"curies":[{"name":"wp","href":"https:\/\/api.w.org\/{rel}","templated":true}]}}